{"id":444,"date":"2025-09-24T01:37:17","date_gmt":"2025-09-24T01:37:17","guid":{"rendered":"https:\/\/feelinggalapagos.com.ec\/site\/?post_type=product&#038;p=444"},"modified":"2025-10-07T19:56:26","modified_gmt":"2025-10-07T19:56:26","slug":"santa-cruz-isabela","status":"publish","type":"product","link":"https:\/\/feelinggalapagos.com.ec\/site\/producto\/santa-cruz-isabela\/","title":{"rendered":"Santa Cruz &#8211; Isabela"},"content":{"rendered":"<p>Se recomienda seguir las siguientes indicaciones para evitarnos contratiempos:<\/p>\n<ol>\n<li><strong>Adquirir el ticket con antelaci\u00f3n <\/strong><\/li>\n<\/ol>\n<p>Se recomienda comprar el ticket de ferry con al menos 48h de anticipaci\u00f3n para asegurar tu viaje evitando imprevistos. Reservar con anticipaci\u00f3n te garantizar\u00e1 un viaje seguro, c\u00f3modo y sin complicaciones.<\/p>\n<ol start=\"2\">\n<li><strong>Llegar 1 hora antes del horario de salida<\/strong><\/li>\n<\/ol>\n<p>Check-in empieza una hora antes de la hora de salida, la puntualidad evitara contratiempos. Recibe tu gafete, pasa inspecci\u00f3n y prep\u00e1rate para el viaje.<\/p>\n<ol start=\"3\">\n<li><strong>Tiempo de viaje y equipaje permitido<\/strong><\/li>\n<\/ol>\n<p>El tiempo de viaje es de 2 h a 2h 30, depende de las condiciones del mar.<\/p>\n<p>El equipaje permitido es una maleta de 23 kg y una maleta de mano, sobre peso y\/o carga adicional es cobrado por separado.<\/p>\n<ol start=\"4\">\n<li><strong>Pagos e impuestos<\/strong><\/li>\n<\/ol>\n<p>Desde el muelle a la lancha deber\u00e1s tomar un taxi acu\u00e1tico, este tiene un valor de $1, al llegar a tu destino se repite el procedimiento, por lo cual tener a la mano un total de $2 para estos pagos.<\/p>\n<p><strong>Isla ISABELA:<\/strong> al llegar tendr\u00e1s que pagar un valor de $10 de impuesto de ingreso (es la \u00fanica isla que cuenta con este ingreso actualmente).<\/p>\n<ol start=\"5\">\n<li><strong>Ferry de San Crist\u00f3bal a Isabela<\/strong><\/li>\n<\/ol>\n<p>No existe una v\u00eda directa en ferry entre estas dos islas, siempre deber\u00e1s hacer escala en Isla Santa Cruz para tomar tu pr\u00f3xima conexi\u00f3n.<\/p>\n<ol start=\"6\">\n<li><strong>Temporadas y condiciones del mar<\/strong><\/li>\n<\/ol>\n<p>De enero a junio, las condiciones del mar son mas estables y con ello el clima es m\u00e1s c\u00e1lido. La segunda mitad de a\u00f1o, julio a diciembre, tenemos corrientes mas fuertes, fuerte oleaje y mar agitado. En esta mitad de a\u00f1o el clima es m\u00e1s frio.<\/p>\n<ol start=\"7\">\n<li><strong>Documentos<\/strong><\/li>\n<\/ol>\n<p>Siempre portar tus documentos personales en un lugar seco y seguro, tenerlos a la mano en el momento del check-in y del arribo a tu destino.<\/p>\n","protected":false},"excerpt":{"rendered":"<p>Salida todos los d\u00edas 07:00 y 15:00<\/p>\n","protected":false},"featured_media":605,"comment_status":"open","ping_status":"closed","template":"","meta":{"_acf_changed":false},"product_brand":[],"product_cat":[25],"product_tag":[],"class_list":{"0":"post-444","1":"product","2":"type-product","3":"status-publish","4":"has-post-thumbnail","6":"product_cat-ferry","8":"first","9":"outofstock","10":"virtual","11":"purchasable","12":"product-type-simple"},"acf":[],"_links":{"self":[{"href":"https:\/\/feelinggalapagos.com.ec\/site\/wp-json\/wp\/v2\/product\/444","targetHints":{"allow":["GET"]}}],"collection":[{"href":"https:\/\/feelinggalapagos.com.ec\/site\/wp-json\/wp\/v2\/product"}],"about":[{"href":"https:\/\/feelinggalapagos.com.ec\/site\/wp-json\/wp\/v2\/types\/product"}],"replies":[{"embeddable":true,"href":"https:\/\/feelinggalapagos.com.ec\/site\/wp-json\/wp\/v2\/comments?post=444"}],"wp:featuredmedia":[{"embeddable":true,"href":"https:\/\/feelinggalapagos.com.ec\/site\/wp-json\/wp\/v2\/media\/605"}],"wp:attachment":[{"href":"https:\/\/feelinggalapagos.com.ec\/site\/wp-json\/wp\/v2\/media?parent=444"}],"wp:term":[{"taxonomy":"product_brand","embeddable":true,"href":"https:\/\/feelinggalapagos.com.ec\/site\/wp-json\/wp\/v2\/product_brand?post=444"},{"taxonomy":"product_cat","embeddable":true,"href":"https:\/\/feelinggalapagos.com.ec\/site\/wp-json\/wp\/v2\/product_cat?post=444"},{"taxonomy":"product_tag","embeddable":true,"href":"https:\/\/feelinggalapagos.com.ec\/site\/wp-json\/wp\/v2\/product_tag?post=444"}],"curies":[{"name":"wp","href":"https:\/\/api.w.org\/{rel}","templated":true}]}}