{"id":454,"date":"2025-09-30T22:58:47","date_gmt":"2025-09-30T22:58:47","guid":{"rendered":"https:\/\/feelinggalapagos.com.ec\/site\/?post_type=product&#038;p=454"},"modified":"2025-10-07T22:48:02","modified_gmt":"2025-10-07T22:48:02","slug":"tour-de-bahia","status":"publish","type":"product","link":"https:\/\/feelinggalapagos.com.ec\/site\/producto\/tour-de-bahia\/","title":{"rendered":"Tour de Bah\u00eda"},"content":{"rendered":"<p>Es un tour completo, el itinerario del tour incluye cinco destinos principales: <strong>Minas de sal, Playa de los Perros, Mirador de Tintoreras, Canal del Amor, y Grietas<\/strong>. En Playa de los Perros y el Mirador de Tintoreras, la actividad principal es la caminata y observaci\u00f3n de vida silvestre, como iguanas marinas, piqueros azules, fragatas, y tiburones de punta blanca llamados Tintoreras, en su h\u00e1bitat natural. El Canal del Amor y las Grietas, son lugares para apreciar las formaciones volc\u00e1nicas y realizar la actividad de snorkel, principalmente en Las Grietas donde es un snorkel en una formaci\u00f3n natural de agua salobre entre acantilados volc\u00e1nicos.<\/p>\n","protected":false},"excerpt":{"rendered":"<ul>\n<li><strong>Hora de encuentro horario 1:<\/strong> 7:30 de la ma\u00f1ana<\/li>\n<li><strong>Hora de encuentro horario 2:<\/strong> 13:30 de la tarde<\/li>\n<li><strong>Duraci\u00f3n del tour:<\/strong> 3 horas 30 minutos aprox<\/li>\n<li><strong>Capacidad del bote:<\/strong> 16 pasajeros<\/li>\n<li><strong>Tiempo de navegaci\u00f3n:<\/strong> 15 minutos<\/li>\n<li><strong>Actividad:<\/strong> 70% agua, 30% tierra<\/li>\n<\/ul>\n","protected":false},"featured_media":465,"comment_status":"open","ping_status":"closed","template":"","meta":{"_acf_changed":false},"product_brand":[],"product_cat":[28,29],"product_tag":[],"class_list":{"0":"post-454","1":"product","2":"type-product","3":"status-publish","4":"has-post-thumbnail","6":"product_cat-excursiones","7":"product_cat-santa-cruz","9":"first","10":"outofstock","11":"featured","12":"shipping-taxable","13":"purchasable","14":"product-type-simple"},"acf":[],"_links":{"self":[{"href":"https:\/\/feelinggalapagos.com.ec\/site\/wp-json\/wp\/v2\/product\/454","targetHints":{"allow":["GET"]}}],"collection":[{"href":"https:\/\/feelinggalapagos.com.ec\/site\/wp-json\/wp\/v2\/product"}],"about":[{"href":"https:\/\/feelinggalapagos.com.ec\/site\/wp-json\/wp\/v2\/types\/product"}],"replies":[{"embeddable":true,"href":"https:\/\/feelinggalapagos.com.ec\/site\/wp-json\/wp\/v2\/comments?post=454"}],"wp:featuredmedia":[{"embeddable":true,"href":"https:\/\/feelinggalapagos.com.ec\/site\/wp-json\/wp\/v2\/media\/465"}],"wp:attachment":[{"href":"https:\/\/feelinggalapagos.com.ec\/site\/wp-json\/wp\/v2\/media?parent=454"}],"wp:term":[{"taxonomy":"product_brand","embeddable":true,"href":"https:\/\/feelinggalapagos.com.ec\/site\/wp-json\/wp\/v2\/product_brand?post=454"},{"taxonomy":"product_cat","embeddable":true,"href":"https:\/\/feelinggalapagos.com.ec\/site\/wp-json\/wp\/v2\/product_cat?post=454"},{"taxonomy":"product_tag","embeddable":true,"href":"https:\/\/feelinggalapagos.com.ec\/site\/wp-json\/wp\/v2\/product_tag?post=454"}],"curies":[{"name":"wp","href":"https:\/\/api.w.org\/{rel}","templated":true}]}}